{"id":24,"date":"2025-11-27T22:09:33","date_gmt":"2025-11-27T22:09:33","guid":{"rendered":"https:\/\/sara.net.br\/hubweb\/?page_id=24"},"modified":"2026-01-04T20:43:36","modified_gmt":"2026-01-04T20:43:36","slug":"sobre","status":"publish","type":"page","link":"https:\/\/sara.net.br\/hubweb\/sobre\/","title":{"rendered":"Sobre n\u00f3s"},"content":{"rendered":"\n<div class=\"wp-block-cover alignfull\" style=\"min-height:158px;aspect-ratio:unset;\"><span aria-hidden=\"true\" class=\"wp-block-cover__background has-nv-site-bg-background-color has-background-dim-100 has-background-dim\"><\/span><div class=\"wp-block-cover__inner-container is-layout-flow wp-block-cover-is-layout-flow\">\n<div class=\"wp-block-group\" style=\"padding-right:var(--wp--preset--spacing--30);padding-left:var(--wp--preset--spacing--30)\"><div class=\"wp-block-group__inner-container is-layout-flow wp-block-group-is-layout-flow\">\n<h1 class=\"wp-block-heading has-text-align-left has-neve-text-color-color has-text-color\">Ius Tech BR<\/h1>\n<\/div><\/div>\n<\/div><\/div>\n\n\n\n<div class=\"wp-block-cover alignfull\" style=\"min-height:600px;aspect-ratio:unset;\"><span aria-hidden=\"true\" class=\"wp-block-cover__background has-nv-light-bg-background-color has-background-dim-100 has-background-dim\"><\/span><div class=\"wp-block-cover__inner-container is-layout-flow wp-block-cover-is-layout-flow\">\n<div class=\"wp-block-group\"><div class=\"wp-block-group__inner-container is-layout-flow wp-block-group-is-layout-flow\">\n<div style=\"height:53px\" aria-hidden=\"true\" class=\"wp-block-spacer\"><\/div>\n\n\n\n<div class=\"wp-block-columns are-vertically-aligned-center has-neve-text-color-color has-text-color is-layout-flex wp-container-core-columns-is-layout-9d6595d7 wp-block-columns-is-layout-flex\">\n<div class=\"wp-block-column is-vertically-aligned-center is-layout-flow wp-block-column-is-layout-flow\" style=\"padding-right:var(--wp--preset--spacing--30);padding-left:var(--wp--preset--spacing--30);flex-basis:50%\">\n<figure class=\"wp-block-image size-full has-custom-border\"><img loading=\"lazy\" decoding=\"async\" width=\"990\" height=\"618\" src=\"https:\/\/sara.net.br\/hubweb\/wp-content\/uploads\/2025\/12\/SobreNosTime.png\" alt=\"\" class=\"wp-image-319\" style=\"border-radius:16px\" srcset=\"https:\/\/sara.net.br\/hubweb\/wp-content\/uploads\/2025\/12\/SobreNosTime.png 990w, https:\/\/sara.net.br\/hubweb\/wp-content\/uploads\/2025\/12\/SobreNosTime-300x187.png 300w, https:\/\/sara.net.br\/hubweb\/wp-content\/uploads\/2025\/12\/SobreNosTime-768x479.png 768w\" sizes=\"auto, (max-width: 990px) 100vw, 990px\" \/><\/figure>\n<\/div>\n\n\n\n<div class=\"wp-block-column is-vertically-aligned-center is-layout-flow wp-block-column-is-layout-flow\" style=\"padding-top:0;padding-right:var(--wp--preset--spacing--30);padding-bottom:0;padding-left:var(--wp--preset--spacing--30);flex-basis:50%\">\n<h2 class=\"wp-block-heading has-text-align-center has-neve-text-color-color has-text-color\">Ius Tech Institucional<\/h2>\n\n\n\n<p class=\"has-text-align-center has-neve-text-color-color has-text-color\">A IusTech atua no segmento da <strong>Tecnologia em di\u00e1logo com o Direito<\/strong> e do <strong>Direito em di\u00e1logo com a Tecnologia<\/strong>, com foco em Engenharia de Software, Direito Digital, Intelig\u00eancia Artificial e estruturas de Assessoria Jur\u00eddica Empresarial. Seu prop\u00f3sito \u00e9 assegurar a correta entrada, valida\u00e7\u00e3o e representa\u00e7\u00e3o da identidade pessoal ou jur\u00eddica no ecossistema digital.<\/p>\n\n\n\n<p class=\"has-text-align-center has-neve-text-color-color has-text-color\">A partir dessa integra\u00e7\u00e3o, <strong>provemos solu\u00e7\u00f5es<\/strong> que organizam, protegem e estruturam a presen\u00e7a digital de indiv\u00edduos, organiza\u00e7\u00f5es e institui\u00e7\u00f5es, oferecendo bases t\u00e9cnicas e jur\u00eddicas <strong>para que essa identidade seja funcional, leg\u00edtima, protegida e juridicamente consistente diante dos desafios da transforma\u00e7\u00e3o digital.<\/strong><\/p>\n<\/div>\n<\/div>\n\n\n\n<div style=\"height:46px\" aria-hidden=\"true\" class=\"wp-block-spacer\"><\/div>\n<\/div><\/div>\n<\/div><\/div>\n\n\n\n<div class=\"wp-block-cover alignfull\" style=\"min-height:832px;aspect-ratio:unset;\"><span aria-hidden=\"true\" class=\"wp-block-cover__background has-nv-dark-bg-background-color has-background-dim-100 has-background-dim\"><\/span><div class=\"wp-block-cover__inner-container is-layout-flow wp-block-cover-is-layout-flow\">\n<div class=\"wp-block-group\"><div class=\"wp-block-group__inner-container is-layout-flow wp-block-group-is-layout-flow\">\n<div style=\"height:42px\" aria-hidden=\"true\" class=\"wp-block-spacer\"><\/div>\n\n\n\n<div class=\"wp-block-columns are-vertically-aligned-center is-layout-flex wp-container-core-columns-is-layout-9d6595d7 wp-block-columns-is-layout-flex\">\n<div class=\"wp-block-column is-vertically-aligned-center is-layout-flow wp-block-column-is-layout-flow\" style=\"padding-right:var(--wp--preset--spacing--30);padding-left:var(--wp--preset--spacing--30);flex-basis:50%\">\n<div style=\"height:38px\" aria-hidden=\"true\" class=\"wp-block-spacer\"><\/div>\n\n\n\n<h2 class=\"wp-block-heading has-nv-text-dark-bg-color has-text-color\">Tecnologia + AI + Direito + Startup<\/h2>\n\n\n\n<p class=\"has-text-align-center has-nv-text-dark-bg-color has-text-color\">A IusTech \u00e9 uma startup jur\u00eddico-tecnol\u00f3gica com mentalidade \u00e1gil e vis\u00e3o orientada ao futuro, atuando no desenvolvimento de solu\u00e7\u00f5es tecnol\u00f3gicas e na assessoria jur\u00eddica a empresas e institui\u00e7\u00f5es, bem como no apoio a departamentos jur\u00eddicos e estrat\u00e9gicos na gest\u00e3o de demandas legais, digitais e institucionais, sempre com foco na seguran\u00e7a jur\u00eddica e tecnol\u00f3gica, na confiabilidade das informa\u00e7\u00f5es e na adapta\u00e7\u00e3o cont\u00ednua \u00e0s transforma\u00e7\u00f5es do ambiente empresarial.<\/p>\n\n\n\n<div style=\"height:20px\" aria-hidden=\"true\" class=\"wp-block-spacer\"><\/div>\n<\/div>\n\n\n\n<div class=\"wp-block-column is-vertically-aligned-center is-layout-flow wp-block-column-is-layout-flow\" style=\"padding-right:var(--wp--preset--spacing--30);padding-left:var(--wp--preset--spacing--30);flex-basis:50%\">\n<figure class=\"wp-block-image size-full has-custom-border\"><img loading=\"lazy\" decoding=\"async\" width=\"990\" height=\"618\" src=\"https:\/\/sara.net.br\/hubweb\/wp-content\/uploads\/2025\/12\/IustechTempo-1.png\" alt=\"\" class=\"wp-image-281\" style=\"border-radius:16px\" srcset=\"https:\/\/sara.net.br\/hubweb\/wp-content\/uploads\/2025\/12\/IustechTempo-1.png 990w, https:\/\/sara.net.br\/hubweb\/wp-content\/uploads\/2025\/12\/IustechTempo-1-300x187.png 300w, https:\/\/sara.net.br\/hubweb\/wp-content\/uploads\/2025\/12\/IustechTempo-1-768x479.png 768w\" sizes=\"auto, (max-width: 990px) 100vw, 990px\" \/><\/figure>\n<\/div>\n<\/div>\n\n\n\n<div style=\"height:34px\" aria-hidden=\"true\" class=\"wp-block-spacer\"><\/div>\n<\/div><\/div>\n<\/div><\/div>\n\n\n\n<div class=\"wp-block-cover alignfull\" style=\"min-height:331px;aspect-ratio:unset;\"><span aria-hidden=\"true\" class=\"wp-block-cover__background has-nv-site-bg-background-color has-background-dim-100 has-background-dim\"><\/span><div class=\"wp-block-cover__inner-container is-layout-flow wp-block-cover-is-layout-flow\">\n<div class=\"wp-block-columns is-layout-flex wp-container-core-columns-is-layout-9d6595d7 wp-block-columns-is-layout-flex\">\n<div class=\"wp-block-column ticss-f6fc7494 is-layout-flow wp-block-column-is-layout-flow\" style=\"padding-right:var(--wp--preset--spacing--30);padding-left:var(--wp--preset--spacing--30)\"><div class=\"wp-block-image icon-style is-style-default\">\n<figure class=\"aligncenter size-full is-resized\"><a href=\"https:\/\/laccoimbra.adv.br\/\"><img decoding=\"async\" src=\"https:\/\/sara.net.br\/hubweb\/wp-content\/themes\/neve\/assets\/img\/starter-content\/neve-marketing-icon-2.png\" alt=\"\" style=\"width:124px;height:auto\"\/><\/a><\/figure><\/div>\n\n\n<h2 class=\"wp-block-heading alignwide has-text-align-center has-neve-text-color-color has-text-color\"><a href=\"https:\/\/laccoimbra.adv.br\/\">Tecnologia e Direito em Inova\u00e7\u00e3o Jur\u00eddica Digital<\/a><\/h2>\n<\/div>\n<\/div>\n<\/div><\/div>\n\n\n\n<div class=\"wp-block-cover alignfull\" style=\"min-height:343px;aspect-ratio:unset;\"><span aria-hidden=\"true\" class=\"wp-block-cover__background has-nv-light-bg-background-color has-background-dim-100 has-background-dim\"><\/span><div class=\"wp-block-cover__inner-container is-layout-flow wp-block-cover-is-layout-flow\">\n<div class=\"wp-block-group\"><div class=\"wp-block-group__inner-container is-layout-flow wp-block-group-is-layout-flow\">\n<div class=\"wp-block-columns has-nv-text-dark-bg-color has-neve-link-color-background-color has-text-color has-background has-link-color wp-elements-22cf278bdc7fd47ac468d3df3cde9489 is-layout-flex wp-container-core-columns-is-layout-54bf4747 wp-block-columns-is-layout-flex\" style=\"border-radius:24px;padding-top:var(--wp--preset--spacing--70);padding-right:var(--wp--preset--spacing--70);padding-bottom:var(--wp--preset--spacing--70);padding-left:var(--wp--preset--spacing--70)\">\n<div class=\"wp-block-column is-layout-flow wp-block-column-is-layout-flow\" style=\"flex-basis:100%\">\n<div style=\"height:20px\" aria-hidden=\"true\" class=\"wp-block-spacer\"><\/div>\n\n\n\n<h2 class=\"wp-block-heading has-text-align-center has-nv-text-dark-bg-color has-text-color has-link-color has-huge-font-size wp-elements-2be11b54950ab6999e1c71a7797f792d\">Construa o futuro jur\u00eddico-digital conosco<\/h2>\n<\/div>\n\n\n\n<div class=\"wp-block-column is-layout-flow wp-block-column-is-layout-flow\" style=\"flex-basis:100%\">\n<p class=\"has-text-align-center has-nv-text-dark-bg-color has-text-color has-link-color has-medium-font-size wp-elements-e358e8eb1e7102693d81d88de3955c7b\">Fa\u00e7a parte de um ambiente onde Direito, Tecnologia e Intelig\u00eancia aplicada caminham juntos para criar solu\u00e7\u00f5es jur\u00eddicas modernas, seguras e orientadas ao futuro.<\/p>\n<\/div>\n<\/div>\n\n\n\n<div style=\"height:40px\" aria-hidden=\"true\" class=\"wp-block-spacer\"><\/div>\n<\/div><\/div>\n<\/div><\/div>\n","protected":false},"excerpt":{"rendered":"","protected":false},"author":1,"featured_media":0,"parent":0,"menu_order":0,"comment_status":"closed","ping_status":"closed","template":"","meta":{"neve_meta_sidebar":"","neve_meta_container":"","neve_meta_enable_content_width":"on","neve_meta_content_width":100,"neve_meta_title_alignment":"","neve_meta_author_avatar":"","neve_post_elements_order":"","neve_meta_disable_header":"","neve_meta_disable_footer":"","neve_meta_disable_title":"on","footnotes":""},"class_list":["post-24","page","type-page","status-publish","hentry"],"_hostinger_reach_plugin_has_subscription_block":false,"_hostinger_reach_plugin_is_elementor":false,"_links":{"self":[{"href":"https:\/\/sara.net.br\/hubweb\/wp-json\/wp\/v2\/pages\/24","targetHints":{"allow":["GET"]}}],"collection":[{"href":"https:\/\/sara.net.br\/hubweb\/wp-json\/wp\/v2\/pages"}],"about":[{"href":"https:\/\/sara.net.br\/hubweb\/wp-json\/wp\/v2\/types\/page"}],"author":[{"embeddable":true,"href":"https:\/\/sara.net.br\/hubweb\/wp-json\/wp\/v2\/users\/1"}],"replies":[{"embeddable":true,"href":"https:\/\/sara.net.br\/hubweb\/wp-json\/wp\/v2\/comments?post=24"}],"version-history":[{"count":29,"href":"https:\/\/sara.net.br\/hubweb\/wp-json\/wp\/v2\/pages\/24\/revisions"}],"predecessor-version":[{"id":559,"href":"https:\/\/sara.net.br\/hubweb\/wp-json\/wp\/v2\/pages\/24\/revisions\/559"}],"wp:attachment":[{"href":"https:\/\/sara.net.br\/hubweb\/wp-json\/wp\/v2\/media?parent=24"}],"curies":[{"name":"wp","href":"https:\/\/api.w.org\/{rel}","templated":true}]}}