{"id":23,"date":"2025-11-27T22:09:33","date_gmt":"2025-11-27T22:09:33","guid":{"rendered":"https:\/\/sara.net.br\/hubweb\/?page_id=23"},"modified":"2026-02-25T20:42:39","modified_gmt":"2026-02-25T20:42:39","slug":"pagina-inicial","status":"publish","type":"page","link":"https:\/\/sara.net.br\/hubweb\/","title":{"rendered":"P\u00e1gina Inicial"},"content":{"rendered":"\n<div class=\"wp-block-cover alignfull\" style=\"min-height:600px;aspect-ratio:unset;\"><img decoding=\"async\" class=\"wp-block-cover__image-background\" alt=\"\" src=\"https:\/\/sara.net.br\/hubweb\/wp-content\/themes\/neve\/assets\/img\/starter-content\/neve-hero-2.png\" style=\"object-position:56% 79%\" data-object-fit=\"cover\" data-object-position=\"56% 79%\"\/><span aria-hidden=\"true\" class=\"wp-block-cover__background has-background-dim-0 has-background-dim\"><\/span><div class=\"wp-block-cover__inner-container is-layout-flow wp-block-cover-is-layout-flow\">\n<div class=\"wp-block-columns alignwide are-vertically-aligned-center is-layout-flex wp-container-core-columns-is-layout-9d6595d7 wp-block-columns-is-layout-flex\">\n<div class=\"wp-block-column is-vertically-aligned-center is-layout-flow wp-block-column-is-layout-flow\" style=\"padding-right:var(--wp--preset--spacing--20);padding-left:var(--wp--preset--spacing--20);flex-basis:65%\">\n<div style=\"height:30px\" aria-hidden=\"true\" class=\"wp-block-spacer\"><\/div>\n\n\n\n<h1 class=\"wp-block-heading has-text-align-center has-nv-text-dark-bg-color has-text-color\">Bem-vindo ao portal Sara.Net.Br<\/h1>\n\n\n\n<p class=\"has-text-align-center has-nv-text-dark-bg-color has-text-color\" style=\"font-size:17px\">Este \u00e9 o portal de acesso aos ambientes, projetos e eventos promovidos pela Sara.Net no MS, reunindo no espa\u00e7o iniciativas voltadas \u00e0 conex\u00e3o, informa\u00e7\u00e3o e participa\u00e7\u00e3o em a\u00e7\u00f5es colaborativas, sociais e institucionais.<\/p>\n\n\n\n<p class=\"has-text-align-center has-nv-text-dark-bg-color has-text-color\" style=\"font-size:17px\">Aqui voc\u00ea encontrar\u00e1 caminhos diretos para os portais espec\u00edficos que fortalecem a atua\u00e7\u00e3o conjunta e o engajamento da comunidade.<\/p>\n<\/div>\n\n\n\n<div class=\"wp-block-column is-vertically-aligned-center is-layout-flow wp-block-column-is-layout-flow\">\n<div style=\"height:20px\" aria-hidden=\"true\" class=\"wp-block-spacer\"><\/div>\n\n\n\n<figure class=\"wp-block-image size-full is-resized\"><img loading=\"lazy\" decoding=\"async\" width=\"1024\" height=\"1536\" src=\"https:\/\/sara.net.br\/hubweb\/wp-content\/uploads\/2025\/12\/Logo-Sara-Portal-3.png\" alt=\"\" class=\"wp-image-239\" style=\"width:433px;height:auto\" srcset=\"https:\/\/sara.net.br\/hubweb\/wp-content\/uploads\/2025\/12\/Logo-Sara-Portal-3.png 1024w, https:\/\/sara.net.br\/hubweb\/wp-content\/uploads\/2025\/12\/Logo-Sara-Portal-3-200x300.png 200w, https:\/\/sara.net.br\/hubweb\/wp-content\/uploads\/2025\/12\/Logo-Sara-Portal-3-683x1024.png 683w, https:\/\/sara.net.br\/hubweb\/wp-content\/uploads\/2025\/12\/Logo-Sara-Portal-3-768x1152.png 768w\" sizes=\"auto, (max-width: 1024px) 100vw, 1024px\" \/><\/figure>\n<\/div>\n<\/div>\n<\/div><\/div>\n\n\n\n<div class=\"wp-block-cover\" style=\"min-height:223px;aspect-ratio:unset;\"><span aria-hidden=\"true\" class=\"wp-block-cover__background has-nv-site-bg-background-color has-background-dim-100 has-background-dim\"><\/span><div class=\"wp-block-cover__inner-container is-layout-constrained wp-block-cover-is-layout-constrained\">\n<div class=\"wp-block-columns is-layout-flex wp-container-core-columns-is-layout-9d6595d7 wp-block-columns-is-layout-flex\">\n<div class=\"wp-block-column icon-style is-style-default is-layout-flow wp-block-column-is-layout-flow\" style=\"border-radius:0px\"><div class=\"wp-block-image\">\n<figure class=\"aligncenter size-full is-resized\"><a href=\"https:\/\/iustech.com.br\/SaraKids\/index.php?class=RoadControler&amp;method=onShow\"><img loading=\"lazy\" decoding=\"async\" width=\"450\" height=\"450\" src=\"https:\/\/sara.net.br\/hubweb\/wp-content\/uploads\/2025\/12\/Saranet-1.png\" alt=\"\" class=\"wp-image-294\" style=\"width:100px\" srcset=\"https:\/\/sara.net.br\/hubweb\/wp-content\/uploads\/2025\/12\/Saranet-1.png 450w, https:\/\/sara.net.br\/hubweb\/wp-content\/uploads\/2025\/12\/Saranet-1-300x300.png 300w, https:\/\/sara.net.br\/hubweb\/wp-content\/uploads\/2025\/12\/Saranet-1-150x150.png 150w\" sizes=\"auto, (max-width: 450px) 100vw, 450px\" \/><\/a><\/figure><\/div>\n\n\n<h5 class=\"wp-block-heading has-text-align-center titulo-portais has-neve-text-color-color has-text-color has-link-color wp-elements-54ce138a1783ef130ccc76f9841eb2db\">Conecta do Sara.Net<\/h5>\n\n\n\n<p class=\"has-text-align-center texctos.portais has-neve-link-hover-color-color has-text-color has-link-color wp-elements-61b5c2dbafc2caa386d27a9427fa9d4f\">Venha para o Conecta, o portal digital da Sara MS<br><strong><em><a href=\"https:\/\/iustech.com.br\/SaraKids\/index.php?class=RoadControler&amp;method=onShow\">Eu quero me inscrever!<\/a><\/em><\/strong><\/p>\n<\/div>\n\n\n\n<div class=\"wp-block-column is-layout-flow wp-block-column-is-layout-flow\"><div class=\"wp-block-image\">\n<figure class=\"aligncenter size-full is-resized\"><a href=\"https:\/\/sara.net.br\/hubweb\/arena-kids\/\"><img loading=\"lazy\" decoding=\"async\" width=\"450\" height=\"450\" src=\"https:\/\/sara.net.br\/hubweb\/wp-content\/uploads\/2025\/12\/Kids.png\" alt=\"\" class=\"wp-image-290\" style=\"width:100px;height:auto\" srcset=\"https:\/\/sara.net.br\/hubweb\/wp-content\/uploads\/2025\/12\/Kids.png 450w, https:\/\/sara.net.br\/hubweb\/wp-content\/uploads\/2025\/12\/Kids-300x300.png 300w, https:\/\/sara.net.br\/hubweb\/wp-content\/uploads\/2025\/12\/Kids-150x150.png 150w\" sizes=\"auto, (max-width: 450px) 100vw, 450px\" \/><\/a><\/figure><\/div>\n\n\n<h5 class=\"wp-block-heading has-text-align-center titulo-portais has-nv-dark-bg-color has-text-color has-link-color wp-elements-dc902261a6bdd79e02895294974675fb\">Portal Sara Kids<\/h5>\n\n\n\n<p class=\"has-text-align-center texctos.portais has-neve-link-hover-color-color has-text-color has-link-color wp-elements-736daff36885e73bad69fae8f4579ca3\">Check_in, Eventos, Not\u00edcias, Informes<br><em><a href=\"https:\/\/sara.net.br\/hubweb\/arena-kids\/\" data-type=\"page\" data-id=\"476\"><strong>kids.sara.net.br<\/strong><\/a><\/em><\/p>\n<\/div>\n\n\n\n<div class=\"wp-block-column is-layout-flow wp-block-column-is-layout-flow\"><div class=\"wp-block-image\">\n<figure class=\"aligncenter size-full is-resized\"><a href=\"http:\/\/www.sara.net.br\"><img loading=\"lazy\" decoding=\"async\" width=\"450\" height=\"450\" src=\"https:\/\/sara.net.br\/hubweb\/wp-content\/uploads\/2025\/12\/Empresarios.png\" alt=\"\" class=\"wp-image-291\" style=\"width:100px\" srcset=\"https:\/\/sara.net.br\/hubweb\/wp-content\/uploads\/2025\/12\/Empresarios.png 450w, https:\/\/sara.net.br\/hubweb\/wp-content\/uploads\/2025\/12\/Empresarios-300x300.png 300w, https:\/\/sara.net.br\/hubweb\/wp-content\/uploads\/2025\/12\/Empresarios-150x150.png 150w\" sizes=\"auto, (max-width: 450px) 100vw, 450px\" \/><\/a><\/figure><\/div>\n\n\n<h5 class=\"wp-block-heading has-text-align-center titulo-portais has-nv-dark-bg-color has-text-color has-link-color wp-elements-0e16ab64349dfb9570f89949260be122\">Portal Empreendedores<\/h5>\n\n\n\n<p class=\"has-text-align-center texctos.portais has-neve-link-hover-color-color has-text-color has-link-color wp-elements-ac913b1dca027a043e5503334f1cec96\">Reuni\u00f5es, Campanhas, Eventos sociais<br><em><a href=\"http:\/\/www.sara.net.br\"><strong>empreende.sara.net.br<\/strong><\/a><\/em><\/p>\n<\/div>\n\n\n\n<div class=\"wp-block-column is-layout-flow wp-block-column-is-layout-flow\"><div class=\"wp-block-image\">\n<figure class=\"aligncenter size-full is-resized\"><a href=\"http:\/\/www.sara.net.br\"><img loading=\"lazy\" decoding=\"async\" width=\"450\" height=\"450\" src=\"https:\/\/sara.net.br\/hubweb\/wp-content\/uploads\/2025\/12\/Livraria.png\" alt=\"\" class=\"wp-image-293\" style=\"width:100px\" srcset=\"https:\/\/sara.net.br\/hubweb\/wp-content\/uploads\/2025\/12\/Livraria.png 450w, https:\/\/sara.net.br\/hubweb\/wp-content\/uploads\/2025\/12\/Livraria-300x300.png 300w, https:\/\/sara.net.br\/hubweb\/wp-content\/uploads\/2025\/12\/Livraria-150x150.png 150w\" sizes=\"auto, (max-width: 450px) 100vw, 450px\" \/><\/a><\/figure><\/div>\n\n\n<h5 class=\"wp-block-heading has-text-align-center titulo-portais has-neve-text-color-color has-text-color has-link-color wp-elements-1ad631b636a19d061904781a8e7c12ce\">Portal Livraria<\/h5>\n\n\n\n<p class=\"has-text-align-center texctos.portais has-neve-link-hover-color-color has-text-color has-link-color wp-elements-d22df4677cd763e1d2d0a312f2ddf0d2\">B\u00edblias, Livros, M\u00eddias, Devocionais<br><em><strong><a href=\"http:\/\/sara.net.br\">livraria.sara.net.br<\/a><\/strong><\/em><\/p>\n<\/div>\n\n\n\n<div class=\"wp-block-column is-layout-flow wp-block-column-is-layout-flow\"><div class=\"wp-block-image\">\n<figure class=\"aligncenter size-full is-resized\"><a href=\"https:\/\/iustech.com.br\/SaraKids\"><img loading=\"lazy\" decoding=\"async\" width=\"450\" height=\"450\" src=\"https:\/\/sara.net.br\/hubweb\/wp-content\/uploads\/2025\/12\/Social.png\" alt=\"\" class=\"wp-image-292\" style=\"width:100px\" srcset=\"https:\/\/sara.net.br\/hubweb\/wp-content\/uploads\/2025\/12\/Social.png 450w, https:\/\/sara.net.br\/hubweb\/wp-content\/uploads\/2025\/12\/Social-300x300.png 300w, https:\/\/sara.net.br\/hubweb\/wp-content\/uploads\/2025\/12\/Social-150x150.png 150w\" sizes=\"auto, (max-width: 450px) 100vw, 450px\" \/><\/a><\/figure><\/div>\n\n\n<h5 class=\"wp-block-heading has-text-align-center titulo-portais has-neve-text-color-color has-text-color has-link-color wp-elements-bb552b63045d5f4cda71f378f1a1f4c0\">Portal Social<\/h5>\n\n\n\n<p class=\"has-text-align-center texctos.portais has-neve-link-hover-color-color has-text-color has-link-color wp-elements-1c634eac19a4f3325254582205d8c828\">Assistencial, Humanit\u00e1rio, Colaboradores<br><a href=\"https:\/\/iustech.com.br\/SaraKids\"><strong><em>social.sara.net.br<\/em><\/strong><\/a><\/p>\n<\/div>\n<\/div>\n<\/div><\/div>\n\n\n\n<div class=\"wp-block-cover alignfull is-light\" style=\"padding-top:var(--wp--preset--spacing--50);padding-right:var(--wp--preset--spacing--30);padding-bottom:var(--wp--preset--spacing--50);padding-left:var(--wp--preset--spacing--30);min-height:749px;aspect-ratio:unset;\"><img loading=\"lazy\" decoding=\"async\" width=\"1536\" height=\"1024\" class=\"wp-block-cover__image-background wp-image-444 size-full\" alt=\"\" src=\"https:\/\/sara.net.br\/hubweb\/wp-content\/uploads\/2025\/12\/FundoParallax-2-2.png\" style=\"object-position:65% 54%\" data-object-fit=\"cover\" data-object-position=\"65% 54%\" srcset=\"https:\/\/sara.net.br\/hubweb\/wp-content\/uploads\/2025\/12\/FundoParallax-2-2.png 1536w, https:\/\/sara.net.br\/hubweb\/wp-content\/uploads\/2025\/12\/FundoParallax-2-2-300x200.png 300w, https:\/\/sara.net.br\/hubweb\/wp-content\/uploads\/2025\/12\/FundoParallax-2-2-1024x683.png 1024w, https:\/\/sara.net.br\/hubweb\/wp-content\/uploads\/2025\/12\/FundoParallax-2-2-768x512.png 768w, https:\/\/sara.net.br\/hubweb\/wp-content\/uploads\/2025\/12\/FundoParallax-2-2-930x620.png 930w\" sizes=\"auto, (max-width: 1536px) 100vw, 1536px\" \/><span aria-hidden=\"true\" class=\"wp-block-cover__background has-background-dim-10 has-background-dim\" style=\"background-color:#a5c0e6\"><\/span><div class=\"wp-block-cover__inner-container is-layout-constrained wp-container-core-cover-is-layout-7f9478e7 wp-block-cover-is-layout-constrained\">\n<div class=\"wp-block-columns is-layout-flex wp-container-core-columns-is-layout-9d6595d7 wp-block-columns-is-layout-flex\">\n<div class=\"wp-block-column is-layout-flow wp-block-column-is-layout-flow\" style=\"flex-basis:50%\"><\/div>\n\n\n\n<div class=\"wp-block-column is-layout-flow wp-block-column-is-layout-flow\" style=\"flex-basis:50%\">\n<div style=\"height:196px\" aria-hidden=\"true\" class=\"wp-block-spacer\"><\/div>\n\n\n\n<p class=\"has-text-align-center has-text-color has-link-color has-medium-font-size wp-elements-981a425578d64d91a075cb672c64ece4\" style=\"color:#03488c\"><strong>\u201cTodos os dias, continuavam a reunir-se no p\u00e1tio do templo. Partiam o p\u00e3o em suas casas, e juntos participavam das refei\u00e7\u00f5es, com alegria e sinceridade de cora\u00e7\u00e3o, louvando a Deus e tendo a simpatia de todo o povo. E o Senhor lhes acrescentava todos os dias os que iam sendo salvos. \u201c  Atos 2:46,47<\/strong><\/p>\n<\/div>\n<\/div>\n<\/div><\/div>\n\n\n\n<div class=\"wp-block-cover alignfull\" style=\"padding-top:0;padding-right:var(--wp--preset--spacing--30);padding-bottom:0;padding-left:var(--wp--preset--spacing--30);min-height:314px;aspect-ratio:unset;\"><span aria-hidden=\"true\" class=\"wp-block-cover__background has-background-dim-100 has-background-dim has-background-gradient\" style=\"background:linear-gradient(180deg,rgb(3,8,112) 0%,rgb(13,24,36) 98%)\"><\/span><div class=\"wp-block-cover__inner-container is-layout-constrained wp-container-core-cover-is-layout-0e47f369 wp-block-cover-is-layout-constrained\">\n<div style=\"height:29px\" aria-hidden=\"true\" class=\"wp-block-spacer\"><\/div>\n\n\n\n<div class=\"wp-block-columns has-small-font-size is-layout-flex wp-container-core-columns-is-layout-abbe5815 wp-block-columns-is-layout-flex\" style=\"border-style:none;border-width:0px;padding-top:0;padding-right:0;padding-bottom:0;padding-left:0\">\n<div class=\"wp-block-column ticss-f6fc7494 is-layout-flow wp-block-column-is-layout-flow\"><div class=\"wp-block-image is-style-rounded\">\n<figure class=\"aligncenter size-full is-resized\"><img loading=\"lazy\" decoding=\"async\" width=\"112\" height=\"115\" src=\"https:\/\/sara.net.br\/hubweb\/wp-content\/uploads\/2025\/11\/Bispo.png\" alt=\"\" class=\"wp-image-79\" style=\"aspect-ratio:1;width:90px;height:auto\"\/><\/figure><\/div>\n\n\n<p class=\"has-text-align-center has-nv-text-dark-bg-color has-text-color has-link-color wp-elements-6a2be5817b568ee3f2aa03fc30332cfb\">\u201cPalavra do Bispo\u201c<\/p>\n\n\n\n<p class=\"has-text-align-center has-nv-text-dark-bg-color has-text-color has-small-font-size\" style=\"text-transform:uppercase\"><strong>Bispo toneti<\/strong><\/p>\n<\/div>\n\n\n\n<div class=\"wp-block-column ticss-f6fc7494 is-layout-flow wp-block-column-is-layout-flow\"><div class=\"wp-block-image is-style-rounded\">\n<figure class=\"aligncenter size-full is-resized\"><img loading=\"lazy\" decoding=\"async\" width=\"228\" height=\"236\" src=\"https:\/\/sara.net.br\/hubweb\/wp-content\/uploads\/2026\/01\/Bispa-1.png\" alt=\"\" class=\"wp-image-507\" style=\"aspect-ratio:1;width:94px;height:auto\"\/><\/figure><\/div>\n\n\n<p class=\"has-text-align-center has-nv-text-dark-bg-color has-text-color\">\u201cPalavra da Bispa\u201d<\/p>\n\n\n\n<p class=\"has-text-align-center has-nv-text-dark-bg-color has-text-color has-small-font-size\" style=\"text-transform:uppercase\"><strong>Bispa Rosi<\/strong><\/p>\n<\/div>\n<\/div>\n<\/div><\/div>\n","protected":false},"excerpt":{"rendered":"","protected":false},"author":1,"featured_media":0,"parent":0,"menu_order":0,"comment_status":"closed","ping_status":"closed","template":"","meta":{"neve_meta_sidebar":"","neve_meta_container":"","neve_meta_enable_content_width":"on","neve_meta_content_width":100,"neve_meta_title_alignment":"","neve_meta_author_avatar":"","neve_post_elements_order":"","neve_meta_disable_header":"","neve_meta_disable_footer":"","neve_meta_disable_title":"on","footnotes":""},"class_list":["post-23","page","type-page","status-publish","hentry"],"_hostinger_reach_plugin_has_subscription_block":false,"_hostinger_reach_plugin_is_elementor":false,"_links":{"self":[{"href":"https:\/\/sara.net.br\/hubweb\/wp-json\/wp\/v2\/pages\/23","targetHints":{"allow":["GET"]}}],"collection":[{"href":"https:\/\/sara.net.br\/hubweb\/wp-json\/wp\/v2\/pages"}],"about":[{"href":"https:\/\/sara.net.br\/hubweb\/wp-json\/wp\/v2\/types\/page"}],"author":[{"embeddable":true,"href":"https:\/\/sara.net.br\/hubweb\/wp-json\/wp\/v2\/users\/1"}],"replies":[{"embeddable":true,"href":"https:\/\/sara.net.br\/hubweb\/wp-json\/wp\/v2\/comments?post=23"}],"version-history":[{"count":206,"href":"https:\/\/sara.net.br\/hubweb\/wp-json\/wp\/v2\/pages\/23\/revisions"}],"predecessor-version":[{"id":610,"href":"https:\/\/sara.net.br\/hubweb\/wp-json\/wp\/v2\/pages\/23\/revisions\/610"}],"wp:attachment":[{"href":"https:\/\/sara.net.br\/hubweb\/wp-json\/wp\/v2\/media?parent=23"}],"curies":[{"name":"wp","href":"https:\/\/api.w.org\/{rel}","templated":true}]}}